{"id":56,"date":"2020-02-18T16:19:32","date_gmt":"2020-02-18T15:19:32","guid":{"rendered":"http:\/\/claudechevalier.fr\/?page_id=56"},"modified":"2020-07-27T16:08:07","modified_gmt":"2020-07-27T14:08:07","slug":"accordeon","status":"publish","type":"page","link":"https:\/\/claudechevalier.fr\/index.php\/accordeon\/","title":{"rendered":"L&#8217;accord\u00e9on"},"content":{"rendered":"<p><strong>L&#8217;accord\u00e9on est un instrument \u00e0 anches libres, n\u00e9 en Autriche en 1829, des mains du facteur d&#8217;orgue Cyril DEMAIN.<\/strong><\/p>\n<p>Voici son histoire racont\u00e9e par Marcel AZZOLA<\/p>\n<p><iframe loading=\"lazy\"  id=\"_ytid_33151\"  width=\"990\" height=\"557\"  data-origwidth=\"990\" data-origheight=\"557\" src=\"https:\/\/www.youtube.com\/embed\/H9LR3jyQ2U4?enablejsapi=1&#038;autoplay=0&#038;cc_load_policy=0&#038;cc_lang_pref=&#038;iv_load_policy=1&#038;loop=0&#038;rel=1&#038;fs=1&#038;playsinline=0&#038;autohide=2&#038;theme=dark&#038;color=red&#038;controls=1&#038;disablekb=0&#038;\" class=\"__youtube_prefs__  epyt-is-override  no-lazyload\" title=\"YouTube player\"  allow=\"fullscreen; accelerometer; autoplay; clipboard-write; encrypted-media; gyroscope; picture-in-picture; web-share\" referrerpolicy=\"strict-origin-when-cross-origin\" allowfullscreen data-no-lazy=\"1\" data-skipgform_ajax_framebjll=\"\"><\/iframe><\/p>\n<p>&nbsp;<\/p>\n<p>&nbsp;<\/p>\n<p>&nbsp;<\/p>\n","protected":false},"excerpt":{"rendered":"<p>L&#8217;accord\u00e9on est un instrument \u00e0 anches libres, n\u00e9 en Autriche en 1829, des mains du facteur d&#8217;orgue Cyril DEMAIN. Voici son histoire racont\u00e9e par Marcel AZZOLA &nbsp; &nbsp; &nbsp;<\/p>\n","protected":false},"author":1,"featured_media":0,"parent":0,"menu_order":0,"comment_status":"closed","ping_status":"closed","template":"","meta":[],"_links":{"self":[{"href":"https:\/\/claudechevalier.fr\/index.php\/wp-json\/wp\/v2\/pages\/56"}],"collection":[{"href":"https:\/\/claudechevalier.fr\/index.php\/wp-json\/wp\/v2\/pages"}],"about":[{"href":"https:\/\/claudechevalier.fr\/index.php\/wp-json\/wp\/v2\/types\/page"}],"author":[{"embeddable":true,"href":"https:\/\/claudechevalier.fr\/index.php\/wp-json\/wp\/v2\/users\/1"}],"replies":[{"embeddable":true,"href":"https:\/\/claudechevalier.fr\/index.php\/wp-json\/wp\/v2\/comments?post=56"}],"version-history":[{"count":11,"href":"https:\/\/claudechevalier.fr\/index.php\/wp-json\/wp\/v2\/pages\/56\/revisions"}],"predecessor-version":[{"id":382,"href":"https:\/\/claudechevalier.fr\/index.php\/wp-json\/wp\/v2\/pages\/56\/revisions\/382"}],"wp:attachment":[{"href":"https:\/\/claudechevalier.fr\/index.php\/wp-json\/wp\/v2\/media?parent=56"}],"curies":[{"name":"wp","href":"https:\/\/api.w.org\/{rel}","templated":true}]}}