{"id":53,"date":"2020-02-18T16:19:08","date_gmt":"2020-02-18T15:19:08","guid":{"rendered":"http:\/\/claudechevalier.fr\/?page_id=53"},"modified":"2020-05-04T19:59:23","modified_gmt":"2020-05-04T17:59:23","slug":"orgue","status":"publish","type":"page","link":"https:\/\/claudechevalier.fr\/index.php\/orgue\/","title":{"rendered":"Mon orgue de barbarie."},"content":{"rendered":"<p>C&#8217;est \u00e0 <span style=\"color: #000000;\"><strong>SEYSSUEL<\/strong><\/span>, <strong><span style=\"color: #000000;\">en Is\u00e8re<\/span><\/strong>, que se trouve la <strong><span style=\"color: #0000ff;\">manufacture de limonaires Marc<\/span> <\/strong><span style=\"color: #0000ff; font-size: 14pt;\"><strong>Fournier. \u00a0 \u00a0<\/strong><\/span> \u00a0 \u00a0 \u00a0 \u00a0 \u00a0 \u00a0 \u00a0 \u00a0 \u00a0 \u00a0 \u00a0 \u00a0 \u00a0 \u00a0 \u00a0 \u00a0 \u00a0 \u00a0 \u00a0 \u00a0 \u00a0 \u00a0 \u00a0 \u00a0 \u00a0 \u00a0 \u00a0 \u00a0 \u00a0 \u00a0 \u00a0 \u00a0 \u00a0 \u00a0 \u00a0 \u00a0 \u00a0 \u00a0 \u00a0 \u00a0 \u00a0 \u00a0 \u00a0 \u00a0 \u00a0 \u00a0 \u00a0 \u00a0 \u00a0 \u00a0 \u00a0 \u00a0 \u00a0 \u00a0 \u00a0 \u00a0 \u00a0 \u00a0 \u00a0 \u00a0 \u00a0 \u00a0 <span style=\"color: #ff0000;\"><strong>On y perfore les cartons<\/strong><\/span><\/p>\n<p><img loading=\"lazy\" class=\"alignnone wp-image-278\" src=\"http:\/\/claudechevalier.fr\/wp-content\/uploads\/2020\/05\/fournier-6-300x225.jpg\" alt=\"\" width=\"224\" height=\"168\" srcset=\"https:\/\/claudechevalier.fr\/wp-content\/uploads\/2020\/05\/fournier-6-300x225.jpg 300w, https:\/\/claudechevalier.fr\/wp-content\/uploads\/2020\/05\/fournier-6-1024x768.jpg 1024w, https:\/\/claudechevalier.fr\/wp-content\/uploads\/2020\/05\/fournier-6-768x576.jpg 768w, https:\/\/claudechevalier.fr\/wp-content\/uploads\/2020\/05\/fournier-6-1536x1152.jpg 1536w, https:\/\/claudechevalier.fr\/wp-content\/uploads\/2020\/05\/fournier-6-2048x1536.jpg 2048w, https:\/\/claudechevalier.fr\/wp-content\/uploads\/2020\/05\/fournier-6-960x720.jpg 960w, https:\/\/claudechevalier.fr\/wp-content\/uploads\/2020\/05\/fournier-6-640x480.jpg 640w\" sizes=\"(max-width: 224px) 100vw, 224px\" \/><img loading=\"lazy\" class=\"alignnone wp-image-279\" src=\"http:\/\/claudechevalier.fr\/wp-content\/uploads\/2020\/05\/fournier-7-225x300.jpg\" alt=\"\" width=\"126\" height=\"168\" srcset=\"https:\/\/claudechevalier.fr\/wp-content\/uploads\/2020\/05\/fournier-7-225x300.jpg 225w, https:\/\/claudechevalier.fr\/wp-content\/uploads\/2020\/05\/fournier-7-768x1024.jpg 768w, https:\/\/claudechevalier.fr\/wp-content\/uploads\/2020\/05\/fournier-7-1152x1536.jpg 1152w, https:\/\/claudechevalier.fr\/wp-content\/uploads\/2020\/05\/fournier-7-1536x2048.jpg 1536w, https:\/\/claudechevalier.fr\/wp-content\/uploads\/2020\/05\/fournier-7-scaled.jpg 1920w\" sizes=\"(max-width: 126px) 100vw, 126px\" \/><img loading=\"lazy\" class=\"alignnone wp-image-280\" src=\"http:\/\/claudechevalier.fr\/wp-content\/uploads\/2020\/05\/fournier-8-300x225.jpg\" alt=\"\" width=\"221\" height=\"166\" srcset=\"https:\/\/claudechevalier.fr\/wp-content\/uploads\/2020\/05\/fournier-8-300x225.jpg 300w, https:\/\/claudechevalier.fr\/wp-content\/uploads\/2020\/05\/fournier-8-1024x768.jpg 1024w, https:\/\/claudechevalier.fr\/wp-content\/uploads\/2020\/05\/fournier-8-768x576.jpg 768w, https:\/\/claudechevalier.fr\/wp-content\/uploads\/2020\/05\/fournier-8-1536x1152.jpg 1536w, https:\/\/claudechevalier.fr\/wp-content\/uploads\/2020\/05\/fournier-8-2048x1536.jpg 2048w, https:\/\/claudechevalier.fr\/wp-content\/uploads\/2020\/05\/fournier-8-960x720.jpg 960w, https:\/\/claudechevalier.fr\/wp-content\/uploads\/2020\/05\/fournier-8-640x480.jpg 640w\" sizes=\"(max-width: 221px) 100vw, 221px\" \/><\/p>\n<p><span style=\"color: #ff0000;\"><strong>On y fabrique et on y r\u00e9nove\u00a0 des orgues de barbarie traditionnels \u00e0 fl\u00fbtes.<\/strong><\/span><\/p>\n<p><img loading=\"lazy\" class=\"alignnone wp-image-282\" src=\"http:\/\/claudechevalier.fr\/wp-content\/uploads\/2020\/05\/Fournier-10-300x225.jpg\" alt=\"\" width=\"210\" height=\"157\" srcset=\"https:\/\/claudechevalier.fr\/wp-content\/uploads\/2020\/05\/Fournier-10-300x225.jpg 300w, https:\/\/claudechevalier.fr\/wp-content\/uploads\/2020\/05\/Fournier-10-1024x768.jpg 1024w, https:\/\/claudechevalier.fr\/wp-content\/uploads\/2020\/05\/Fournier-10-768x576.jpg 768w, https:\/\/claudechevalier.fr\/wp-content\/uploads\/2020\/05\/Fournier-10-1536x1152.jpg 1536w, https:\/\/claudechevalier.fr\/wp-content\/uploads\/2020\/05\/Fournier-10-2048x1536.jpg 2048w, https:\/\/claudechevalier.fr\/wp-content\/uploads\/2020\/05\/Fournier-10-960x720.jpg 960w, https:\/\/claudechevalier.fr\/wp-content\/uploads\/2020\/05\/Fournier-10-640x480.jpg 640w\" sizes=\"(max-width: 210px) 100vw, 210px\" \/><img loading=\"lazy\" class=\"alignnone wp-image-283\" src=\"http:\/\/claudechevalier.fr\/wp-content\/uploads\/2020\/05\/P1040839-300x225.jpg\" alt=\"\" width=\"210\" height=\"157\" srcset=\"https:\/\/claudechevalier.fr\/wp-content\/uploads\/2020\/05\/P1040839-300x225.jpg 300w, https:\/\/claudechevalier.fr\/wp-content\/uploads\/2020\/05\/P1040839-1024x768.jpg 1024w, https:\/\/claudechevalier.fr\/wp-content\/uploads\/2020\/05\/P1040839-768x576.jpg 768w, https:\/\/claudechevalier.fr\/wp-content\/uploads\/2020\/05\/P1040839-1536x1152.jpg 1536w, https:\/\/claudechevalier.fr\/wp-content\/uploads\/2020\/05\/P1040839-2048x1536.jpg 2048w, https:\/\/claudechevalier.fr\/wp-content\/uploads\/2020\/05\/P1040839-960x720.jpg 960w, https:\/\/claudechevalier.fr\/wp-content\/uploads\/2020\/05\/P1040839-640x480.jpg 640w\" sizes=\"(max-width: 210px) 100vw, 210px\" \/><img loading=\"lazy\" class=\"alignnone wp-image-284\" src=\"http:\/\/claudechevalier.fr\/wp-content\/uploads\/2020\/05\/P1040840-225x300.jpg\" alt=\"\" width=\"117\" height=\"156\" srcset=\"https:\/\/claudechevalier.fr\/wp-content\/uploads\/2020\/05\/P1040840-225x300.jpg 225w, https:\/\/claudechevalier.fr\/wp-content\/uploads\/2020\/05\/P1040840-768x1024.jpg 768w, https:\/\/claudechevalier.fr\/wp-content\/uploads\/2020\/05\/P1040840-1152x1536.jpg 1152w, https:\/\/claudechevalier.fr\/wp-content\/uploads\/2020\/05\/P1040840-1536x2048.jpg 1536w, https:\/\/claudechevalier.fr\/wp-content\/uploads\/2020\/05\/P1040840-scaled.jpg 1920w\" sizes=\"(max-width: 117px) 100vw, 117px\" \/><\/p>\n<p>Il y a quelques ann\u00e9es, Marc Fournier a con\u00e7u <span style=\"color: #0000ff;\"><strong>un orgue de barbarie \u00e9lectronique,<\/strong> <strong>aliment\u00e9 par une batterie.<\/strong><\/span><span style=\"color: #000000;\"><strong> C&#8217;est ce type d&#8217;orgue que je poss\u00e8de.<\/strong><\/span><\/p>\n<p><span style=\"color: #ff0000;\"><strong>En voici l&#8217;int\u00e9rieur.<\/strong><\/span><\/p>\n<p><img loading=\"lazy\" class=\"alignnone wp-image-274\" src=\"http:\/\/claudechevalier.fr\/wp-content\/uploads\/2020\/05\/fournier-2-300x225.jpg\" alt=\"\" width=\"195\" height=\"146\" srcset=\"https:\/\/claudechevalier.fr\/wp-content\/uploads\/2020\/05\/fournier-2-300x225.jpg 300w, https:\/\/claudechevalier.fr\/wp-content\/uploads\/2020\/05\/fournier-2-1024x768.jpg 1024w, https:\/\/claudechevalier.fr\/wp-content\/uploads\/2020\/05\/fournier-2-768x576.jpg 768w, https:\/\/claudechevalier.fr\/wp-content\/uploads\/2020\/05\/fournier-2-1536x1152.jpg 1536w, https:\/\/claudechevalier.fr\/wp-content\/uploads\/2020\/05\/fournier-2-2048x1536.jpg 2048w, https:\/\/claudechevalier.fr\/wp-content\/uploads\/2020\/05\/fournier-2-960x720.jpg 960w, https:\/\/claudechevalier.fr\/wp-content\/uploads\/2020\/05\/fournier-2-640x480.jpg 640w\" sizes=\"(max-width: 195px) 100vw, 195px\" \/><img loading=\"lazy\" class=\"alignnone wp-image-273\" src=\"http:\/\/claudechevalier.fr\/wp-content\/uploads\/2020\/05\/fournier--300x225.jpg\" alt=\"\" width=\"203\" height=\"152\" srcset=\"https:\/\/claudechevalier.fr\/wp-content\/uploads\/2020\/05\/fournier--300x225.jpg 300w, https:\/\/claudechevalier.fr\/wp-content\/uploads\/2020\/05\/fournier--1024x768.jpg 1024w, https:\/\/claudechevalier.fr\/wp-content\/uploads\/2020\/05\/fournier--768x576.jpg 768w, https:\/\/claudechevalier.fr\/wp-content\/uploads\/2020\/05\/fournier--1536x1152.jpg 1536w, https:\/\/claudechevalier.fr\/wp-content\/uploads\/2020\/05\/fournier--2048x1536.jpg 2048w, https:\/\/claudechevalier.fr\/wp-content\/uploads\/2020\/05\/fournier--960x720.jpg 960w, https:\/\/claudechevalier.fr\/wp-content\/uploads\/2020\/05\/fournier--640x480.jpg 640w\" sizes=\"(max-width: 203px) 100vw, 203px\" \/><img loading=\"lazy\" class=\"alignnone wp-image-275\" src=\"http:\/\/claudechevalier.fr\/wp-content\/uploads\/2020\/05\/fournier-3-300x225.jpg\" alt=\"\" width=\"203\" height=\"152\" srcset=\"https:\/\/claudechevalier.fr\/wp-content\/uploads\/2020\/05\/fournier-3-300x225.jpg 300w, https:\/\/claudechevalier.fr\/wp-content\/uploads\/2020\/05\/fournier-3-1024x768.jpg 1024w, https:\/\/claudechevalier.fr\/wp-content\/uploads\/2020\/05\/fournier-3-768x576.jpg 768w, https:\/\/claudechevalier.fr\/wp-content\/uploads\/2020\/05\/fournier-3-1536x1152.jpg 1536w, https:\/\/claudechevalier.fr\/wp-content\/uploads\/2020\/05\/fournier-3-2048x1536.jpg 2048w, https:\/\/claudechevalier.fr\/wp-content\/uploads\/2020\/05\/fournier-3-960x720.jpg 960w, https:\/\/claudechevalier.fr\/wp-content\/uploads\/2020\/05\/fournier-3-640x480.jpg 640w\" sizes=\"(max-width: 203px) 100vw, 203px\" \/><\/p>\n<p>Son syst\u00e8me sonore \u00e9lectronique permet de r\u00e9gler le son et d&#8217;adapter la tonalit\u00e9 de chaque carton \u00e0 la voix, gr\u00e2ce au <span style=\"color: #0000ff;\"><strong>transpositeur \u00e0 12 positions.<\/strong><\/span> Il poss\u00e8de et \u00e9galement <strong><span style=\"color: #0000ff;\">un bouton pour le volume<\/span><\/strong> et peut se c\u00e2bler sur une sono.<\/p>\n<p>C&#8217;est \u00e0\u00a0 <span style=\"color: #ff0000; font-size: 14pt;\"><strong>Judith DEBRUYN<\/strong><\/span>, <strong><span style=\"color: #ff0000;\">Artiste peintre et ma\u00eetre verrier<\/span><\/strong>, que j&#8217;ai confi\u00e9 la d\u00e9coration. \u00a0 \u00a0 \u00a0 \u00a0 \u00a0 \u00a0 \u00a0 \u00a0 \u00a0 \u00a0 \u00a0 \u00a0 \u00a0 \u00a0 \u00a0 \u00a0 \u00a0 \u00a0 \u00a0 \u00a0 \u00a0 \u00a0 \u00a0 \u00a0 \u00a0 \u00a0 \u00a0 \u00a0 \u00a0 \u00a0 \u00a0 \u00a0 \u00a0 \u00a0 \u00a0 \u00a0 \u00a0 \u00a0 \u00a0 \u00a0 \u00a0 \u00a0 \u00a0 \u00a0 \u00a0 \u00a0 \u00a0 \u00a0 \u00a0 \u00a0 \u00a0 \u00a0 \u00a0 \u00a0 \u00a0 \u00a0 \u00a0 \u00a0 \u00a0 \u00a0 \u00a0 \u00a0 \u00a0 \u00a0 <img loading=\"lazy\" class=\"alignnone wp-image-285\" src=\"http:\/\/claudechevalier.fr\/wp-content\/uploads\/2020\/05\/20190112_224001-250x300.jpg\" alt=\"\" width=\"174\" height=\"208\" srcset=\"https:\/\/claudechevalier.fr\/wp-content\/uploads\/2020\/05\/20190112_224001-250x300.jpg 250w, https:\/\/claudechevalier.fr\/wp-content\/uploads\/2020\/05\/20190112_224001-853x1024.jpg 853w, https:\/\/claudechevalier.fr\/wp-content\/uploads\/2020\/05\/20190112_224001-768x922.jpg 768w, https:\/\/claudechevalier.fr\/wp-content\/uploads\/2020\/05\/20190112_224001.jpg 878w\" sizes=\"(max-width: 174px) 100vw, 174px\" \/><\/p>\n<p>&nbsp;<\/p>\n<p>&nbsp;<\/p>\n","protected":false},"excerpt":{"rendered":"<p>C&#8217;est \u00e0 SEYSSUEL, en Is\u00e8re, que se trouve la manufacture de limonaires Marc Fournier. \u00a0 \u00a0 \u00a0 \u00a0 \u00a0 \u00a0 \u00a0 \u00a0 \u00a0 \u00a0 \u00a0 \u00a0 \u00a0 \u00a0 \u00a0 \u00a0<a href=\"https:\/\/claudechevalier.fr\/index.php\/orgue\/\" class=\"more-link\"><span class=\"readmore\">Continue reading<span class=\"screen-reader-text\">Mon orgue de barbarie.<\/span><\/span><\/a><\/p>\n","protected":false},"author":1,"featured_media":0,"parent":0,"menu_order":0,"comment_status":"closed","ping_status":"closed","template":"","meta":[],"_links":{"self":[{"href":"https:\/\/claudechevalier.fr\/index.php\/wp-json\/wp\/v2\/pages\/53"}],"collection":[{"href":"https:\/\/claudechevalier.fr\/index.php\/wp-json\/wp\/v2\/pages"}],"about":[{"href":"https:\/\/claudechevalier.fr\/index.php\/wp-json\/wp\/v2\/types\/page"}],"author":[{"embeddable":true,"href":"https:\/\/claudechevalier.fr\/index.php\/wp-json\/wp\/v2\/users\/1"}],"replies":[{"embeddable":true,"href":"https:\/\/claudechevalier.fr\/index.php\/wp-json\/wp\/v2\/comments?post=53"}],"version-history":[{"count":7,"href":"https:\/\/claudechevalier.fr\/index.php\/wp-json\/wp\/v2\/pages\/53\/revisions"}],"predecessor-version":[{"id":289,"href":"https:\/\/claudechevalier.fr\/index.php\/wp-json\/wp\/v2\/pages\/53\/revisions\/289"}],"wp:attachment":[{"href":"https:\/\/claudechevalier.fr\/index.php\/wp-json\/wp\/v2\/media?parent=53"}],"curies":[{"name":"wp","href":"https:\/\/api.w.org\/{rel}","templated":true}]}}