{"id":44,"date":"2020-02-18T16:16:41","date_gmt":"2020-02-18T15:16:41","guid":{"rendered":"http:\/\/claudechevalier.fr\/?page_id=44"},"modified":"2020-06-16T21:17:31","modified_gmt":"2020-06-16T19:17:31","slug":"melodie","status":"publish","type":"page","link":"https:\/\/claudechevalier.fr\/index.php\/melodie\/","title":{"rendered":"M\u00e9lodie &#8211; La machine \u00e0 raconter des histoires"},"content":{"rendered":"<p align=\"CENTER\"><span style=\"color: #ff0000; font-family: Castellar,serif;\"><span style=\"font-size: large;\"><b><span style=\"font-family: Bahnschrift Condensed, sans-serif;\"><span style=\"font-size: x-large;\">La machine \u00e0 raconter des histoires.<\/span><\/span><i>&#8230;<\/i><\/b><\/span><\/span><\/p>\n<p style=\"text-align: left;\" align=\"CENTER\"><span style=\"font-family: Arial Narrow, sans-serif;\"><b>M\u00e9lodie a 8 ans. <\/b><span style=\"display: inline !important; float: none; background-color: #ffffff; color: #676767; font-family: Arial Narrow,sans-serif; font-size: 16px; font-style: normal; font-variant: normal; font-weight: bold; letter-spacing: normal; orphans: 2; text-align: left; text-decoration: none; text-indent: 0px; text-transform: none; -webkit-text-stroke-width: 0px; white-space: normal; word-spacing: 0px;\">Pour s&#8217;endormir, elle a besoin d&#8217;une histoire&#8230;. et d&#8217;une petite lumi\u00e8re.<\/span><\/span><b><\/b><\/p>\n<p style=\"text-align: left;\" align=\"CENTER\"><span style=\"font-family: Arial Narrow, sans-serif;\"><b>Alors, cette ann\u00e9e l\u00e0, pour No\u00ebl, elle demande dans sa lettre au P\u00e8re No\u00ebl\u00a0<\/b><span style=\"display: inline !important; float: none; background-color: #ffffff; color: #676767; font-family: Bahnschrift Condensed,sans-serif; font-size: large; font-style: normal; font-variant: normal; font-weight: bold; letter-spacing: normal; orphans: 2; text-align: left; text-decoration: none; text-indent: 0px; text-transform: none; -webkit-text-stroke-width: 0px; white-space: normal; word-spacing: 0px;\">\u00ab\u00a0 une machine \u00e0 raconter des histoires \u00bb<\/span><\/span><\/p>\n<p style=\"text-align: left;\" align=\"CENTER\">A son r\u00e9veil, elle d\u00e9couvre 5 enveloppes que le lutin lui a d\u00e9pos\u00e9es. Chacune contient un \u00e9l\u00e9ment pour que M\u00e9lodie d\u00e9couvre, petit \u00e0 petit, son merveilleux cadeau.<\/p>\n<p style=\"text-align: left;\" align=\"CENTER\">\u00a0 \u00a0 \u00a0 \u00a0 \u00a0\u00a0 <img loading=\"lazy\" class=\"alignnone  wp-image-359\" src=\"http:\/\/claudechevalier.fr\/wp-content\/uploads\/2020\/06\/IMG_5678-225x300.jpg\" alt=\"\" width=\"146\" height=\"195\" srcset=\"https:\/\/claudechevalier.fr\/wp-content\/uploads\/2020\/06\/IMG_5678-225x300.jpg 225w, https:\/\/claudechevalier.fr\/wp-content\/uploads\/2020\/06\/IMG_5678-768x1024.jpg 768w, https:\/\/claudechevalier.fr\/wp-content\/uploads\/2020\/06\/IMG_5678-1152x1536.jpg 1152w, https:\/\/claudechevalier.fr\/wp-content\/uploads\/2020\/06\/IMG_5678-1536x2048.jpg 1536w, https:\/\/claudechevalier.fr\/wp-content\/uploads\/2020\/06\/IMG_5678-scaled.jpg 1920w\" sizes=\"(max-width: 146px) 100vw, 146px\" \/><img loading=\"lazy\" class=\"alignnone  wp-image-356\" src=\"http:\/\/claudechevalier.fr\/wp-content\/uploads\/2020\/06\/IMG_5630-225x300.jpg\" alt=\"\" width=\"146\" height=\"195\" srcset=\"https:\/\/claudechevalier.fr\/wp-content\/uploads\/2020\/06\/IMG_5630-225x300.jpg 225w, https:\/\/claudechevalier.fr\/wp-content\/uploads\/2020\/06\/IMG_5630-768x1024.jpg 768w, https:\/\/claudechevalier.fr\/wp-content\/uploads\/2020\/06\/IMG_5630-1152x1536.jpg 1152w, https:\/\/claudechevalier.fr\/wp-content\/uploads\/2020\/06\/IMG_5630-1536x2048.jpg 1536w, https:\/\/claudechevalier.fr\/wp-content\/uploads\/2020\/06\/IMG_5630-scaled.jpg 1920w\" sizes=\"(max-width: 146px) 100vw, 146px\" \/><img loading=\"lazy\" class=\"alignnone  wp-image-358\" src=\"http:\/\/claudechevalier.fr\/wp-content\/uploads\/2020\/06\/IMG_5662-225x300.jpg\" alt=\"\" width=\"148\" height=\"197\" srcset=\"https:\/\/claudechevalier.fr\/wp-content\/uploads\/2020\/06\/IMG_5662-225x300.jpg 225w, https:\/\/claudechevalier.fr\/wp-content\/uploads\/2020\/06\/IMG_5662-768x1024.jpg 768w, https:\/\/claudechevalier.fr\/wp-content\/uploads\/2020\/06\/IMG_5662-1152x1536.jpg 1152w, https:\/\/claudechevalier.fr\/wp-content\/uploads\/2020\/06\/IMG_5662-1536x2048.jpg 1536w, https:\/\/claudechevalier.fr\/wp-content\/uploads\/2020\/06\/IMG_5662-scaled.jpg 1920w\" sizes=\"(max-width: 148px) 100vw, 148px\" \/><img loading=\"lazy\" class=\"alignnone  wp-image-360\" src=\"http:\/\/claudechevalier.fr\/wp-content\/uploads\/2020\/06\/IMG_5692-225x300.jpg\" alt=\"\" width=\"148\" height=\"197\" srcset=\"https:\/\/claudechevalier.fr\/wp-content\/uploads\/2020\/06\/IMG_5692-225x300.jpg 225w, https:\/\/claudechevalier.fr\/wp-content\/uploads\/2020\/06\/IMG_5692-768x1024.jpg 768w, https:\/\/claudechevalier.fr\/wp-content\/uploads\/2020\/06\/IMG_5692-1152x1536.jpg 1152w, https:\/\/claudechevalier.fr\/wp-content\/uploads\/2020\/06\/IMG_5692.jpg 1200w\" sizes=\"(max-width: 148px) 100vw, 148px\" \/><img loading=\"lazy\" class=\"alignnone  wp-image-355\" src=\"http:\/\/claudechevalier.fr\/wp-content\/uploads\/2020\/06\/spectacle-No\u00ebl-3-169x300.jpg\" alt=\"\" width=\"111\" height=\"197\" srcset=\"https:\/\/claudechevalier.fr\/wp-content\/uploads\/2020\/06\/spectacle-No\u00ebl-3-169x300.jpg 169w, https:\/\/claudechevalier.fr\/wp-content\/uploads\/2020\/06\/spectacle-No\u00ebl-3-576x1024.jpg 576w, https:\/\/claudechevalier.fr\/wp-content\/uploads\/2020\/06\/spectacle-No\u00ebl-3-768x1365.jpg 768w, https:\/\/claudechevalier.fr\/wp-content\/uploads\/2020\/06\/spectacle-No\u00ebl-3-864x1536.jpg 864w, https:\/\/claudechevalier.fr\/wp-content\/uploads\/2020\/06\/spectacle-No\u00ebl-3-1152x2048.jpg 1152w, https:\/\/claudechevalier.fr\/wp-content\/uploads\/2020\/06\/spectacle-No\u00ebl-3-scaled.jpg 1440w\" sizes=\"(max-width: 111px) 100vw, 111px\" \/><\/p>\n<p style=\"text-align: left;\" align=\"CENTER\">*************************************************************************************************************<span style=\"display: inline !important; float: none; background-color: #ffffff; color: #676767; font-family: Arial Narrow,sans-serif; font-size: 16px; font-style: normal; font-variant: normal; font-weight: bold; letter-spacing: normal; orphans: 2; text-align: center; text-decoration: none; text-indent: 0px; text-transform: none; -webkit-text-stroke-width: 0px; white-space: normal; word-spacing: 0px;\">Ce spectacle se veut <\/span><span style=\"color: #ff0000;\">ludique<\/span><span style=\"display: inline !important; float: none; background-color: #ffffff; color: #676767; font-family: Arial Narrow,sans-serif; font-size: 16px; font-style: normal; font-variant: normal; font-weight: bold; letter-spacing: normal; orphans: 2; text-align: center; text-decoration: none; text-indent: 0px; text-transform: none; -webkit-text-stroke-width: 0px; white-space: normal; word-spacing: 0px;\">, <\/span><span style=\"color: #ff0000;\">p\u00e9dagogique<\/span><span style=\"display: inline !important; float: none; background-color: #ffffff; color: #676767; font-family: Arial Narrow,sans-serif; font-size: 16px; font-style: normal; font-variant: normal; font-weight: bold; letter-spacing: normal; orphans: 2; text-align: center; text-decoration: none; text-indent: 0px; text-transform: none; -webkit-text-stroke-width: 0px; white-space: normal; word-spacing: 0px;\"> et <\/span><span style=\"color: #ff0000;\">interactif <span style=\"color: #000000;\">rempli de r\u00eave et de bonne humeur.<\/span><\/span><\/p>\n<p style=\"text-align: left;\" align=\"CENTER\">Les enfants interpr\u00e9teront 4 chansons de No\u00ebl accompagn\u00e9s de cet instrument magique. Il est possible d&#8217;apprendre les paroles au pr\u00e9alable afin de les chanter tous ensemble .<\/p>\n<p style=\"text-align: left;\" align=\"CENTER\">*Je suis autonome au niveau son et lumi\u00e8res.<\/p>\n<p style=\"text-align: left;\" align=\"CENTER\">*Jauge de 4 \u00e0 10 ans (maternelle\/primaire), maximum 200 personnes.<\/p>\n<p align=\"CENTER\"><figure class=\"wp-block-embed wp-block-embed-youtube is-type-video is-provider-youtube epyt-figure\"><div class=\"wp-block-embed__wrapper\"><iframe  id=\"_ytid_48899\"  width=\"990\" height=\"557\"  data-origwidth=\"990\" data-origheight=\"557\" src=\"https:\/\/www.youtube.com\/embed\/2yrGbR2n_mk?enablejsapi=1&autoplay=0&cc_load_policy=0&cc_lang_pref=&iv_load_policy=1&loop=0&rel=1&fs=1&playsinline=0&autohide=2&theme=dark&color=red&controls=1&disablekb=0&\" class=\"__youtube_prefs__  no-lazyload\" title=\"YouTube player\"  allow=\"fullscreen; accelerometer; autoplay; clipboard-write; encrypted-media; gyroscope; picture-in-picture; web-share\" referrerpolicy=\"strict-origin-when-cross-origin\" allowfullscreen data-no-lazy=\"1\" data-skipgform_ajax_framebjll=\"\"><\/iframe><\/div><\/figure><\/p>\n<p align=\"LEFT\"><span style=\"font-family: Arial Narrow, sans-serif;\"><b>\u00a0 \u00a0 \u00a0 \u00a0 \u00a0 \u00a0 <\/b><\/span><b><\/b><\/p>\n<p align=\"LEFT\"><span style=\"font-family: Arial Narrow, sans-serif;\"><b>\u00a0 \u00a0 \u00a0 \u00a0 \u00a0 \u00a0 \u00a0 \u00a0 \u00a0\u00a0<\/b><\/span><\/p>\n<p align=\"LEFT\"><span style=\"font-family: Arial Narrow, sans-serif;\"><b>\u00a0 \u00a0 \u00a0 \u00a0 \u00a0 \u00a0 \u00a0 \u00a0 \u00a0 \u00a0 \u00a0 \u00a0 \u00a0 \u00a0 \u00a0 \u00a0 \u00a0 \u00a0 \u00a0 \u00a0 \u00a0 \u00a0 \u00a0 \u00a0 \u00a0 \u00a0 \u00a0 \u00a0 \u00a0\u00a0<\/b><\/span><\/p>\n<p style=\"text-align: center;\"><span style=\"color: #0000ff;\"><strong><a style=\"color: #0000ff;\" href=\"https:\/\/www.facebook.com\/M\u00e9lodie-et-la-machine-\u00e0-raconter-des-histoires-106964730807255\/\" target=\"_blank\" rel=\"noopener noreferrer\">REJOIGNEZ MOI SUR FACBOOK EN CLIQUANT ICI<\/a><\/strong><\/span><\/p>\n<p>&nbsp;<\/p>\n<p>&nbsp;<\/p>\n","protected":false},"excerpt":{"rendered":"<p>La machine \u00e0 raconter des histoires.&#8230; M\u00e9lodie a 8 ans. Pour s&#8217;endormir, elle a besoin d&#8217;une histoire&#8230;. et d&#8217;une petite lumi\u00e8re. Alors, cette ann\u00e9e l\u00e0, pour No\u00ebl, elle demande dans<a href=\"https:\/\/claudechevalier.fr\/index.php\/melodie\/\" class=\"more-link\"><span class=\"readmore\">Continue reading<span class=\"screen-reader-text\">M\u00e9lodie &#8211; La machine \u00e0 raconter des histoires<\/span><\/span><\/a><\/p>\n","protected":false},"author":1,"featured_media":0,"parent":0,"menu_order":0,"comment_status":"closed","ping_status":"closed","template":"","meta":[],"_links":{"self":[{"href":"https:\/\/claudechevalier.fr\/index.php\/wp-json\/wp\/v2\/pages\/44"}],"collection":[{"href":"https:\/\/claudechevalier.fr\/index.php\/wp-json\/wp\/v2\/pages"}],"about":[{"href":"https:\/\/claudechevalier.fr\/index.php\/wp-json\/wp\/v2\/types\/page"}],"author":[{"embeddable":true,"href":"https:\/\/claudechevalier.fr\/index.php\/wp-json\/wp\/v2\/users\/1"}],"replies":[{"embeddable":true,"href":"https:\/\/claudechevalier.fr\/index.php\/wp-json\/wp\/v2\/comments?post=44"}],"version-history":[{"count":14,"href":"https:\/\/claudechevalier.fr\/index.php\/wp-json\/wp\/v2\/pages\/44\/revisions"}],"predecessor-version":[{"id":364,"href":"https:\/\/claudechevalier.fr\/index.php\/wp-json\/wp\/v2\/pages\/44\/revisions\/364"}],"wp:attachment":[{"href":"https:\/\/claudechevalier.fr\/index.php\/wp-json\/wp\/v2\/media?parent=44"}],"curies":[{"name":"wp","href":"https:\/\/api.w.org\/{rel}","templated":true}]}}