{"id":35,"date":"2020-02-18T16:15:02","date_gmt":"2020-02-18T15:15:02","guid":{"rendered":"http:\/\/claudechevalier.fr\/?page_id=35"},"modified":"2020-07-27T16:23:39","modified_gmt":"2020-07-27T14:23:39","slug":"lorgue","status":"publish","type":"page","link":"https:\/\/claudechevalier.fr\/index.php\/lorgue\/","title":{"rendered":"l&#8217;orgue de barbarie"},"content":{"rendered":"<p><span style=\"text-decoration: underline;\"><strong>UN PEU D&#8217;HISTOIRE<\/strong><\/span><\/p>\n<p>L&#8217;orgue de Barbarie\u00a0est un\u00a0<strong><a title=\"Instrument de musique m\u00e9canique\" href=\"https:\/\/fr.wikipedia.org\/wiki\/Instrument_de_musique_m%C3%A9canique\">instrument de musique m\u00e9canique<\/a>\u00a0<a title=\"Instrument \u00e0 vent\" href=\"https:\/\/fr.wikipedia.org\/wiki\/Instrument_%C3%A0_vent\">\u00e0 vent<\/a><\/strong>\u00a0class\u00e9 dans les\u00a0<a title=\"Orgue\" href=\"https:\/\/fr.wikipedia.org\/wiki\/Orgue\">orgues<\/a>. Il fait partie des \u00ab\u00a0<strong>automatophones\u00a0<\/strong>\u00bb, terme qui englobe tous les instruments destin\u00e9s \u00e0 produire de la musique par des proc\u00e9d\u00e9s m\u00e9caniques.<\/p>\n<p>Il existe sous une grande vari\u00e9t\u00e9 de formes, des plus petits que l&#8217;on peut porter en bandouli\u00e8re comme l&#8217;<a title=\"Orgue de Barbarie portatif\" href=\"https:\/\/fr.wikipedia.org\/wiki\/Orgue_de_Barbarie_portatif\">orgue de Barbarie portatif<\/a>, attribut traditionnel des chanteurs de rue et de l&#8217;<a title=\"Arm\u00e9e du salut\" href=\"https:\/\/fr.wikipedia.org\/wiki\/Arm%C3%A9e_du_salut\">Arm\u00e9e du salut<\/a>\u00a0pour pr\u00eacher dans les rues au d\u00e9but du\u00a0<abbr class=\"abbr\" title=\"20\u1d49 si\u00e8cle\"><span class=\"romain\">xx<\/span><sup>e<\/sup><\/abbr>\u00a0si\u00e8cle, aux plus grands appel\u00e9s\u00a0<a title=\"Limonaire\" href=\"https:\/\/fr.wikipedia.org\/wiki\/Limonaire\">Limonaires<\/a>\u00a0qui sont fixes et affect\u00e9s \u00e0 des salles de bal, des caf\u00e9s, mais parfois aussi des \u00e9glises. Et une large gamme interm\u00e9diaire d&#8217;orgues mobiles, port\u00e9s sur des charrettes ou attel\u00e9s \u00e0 des voitures, jusqu&#8217;aux orgues qui accompagnaient traditionnellement les man\u00e8ges forains. Les qualit\u00e9s musicales, l&#8217;\u00e9tendue des registres, sont naturellement tr\u00e8s variables.<\/p>\n<p><iframe loading=\"lazy\"  id=\"_ytid_25957\"  width=\"990\" height=\"557\"  data-origwidth=\"990\" data-origheight=\"557\" src=\"https:\/\/www.youtube.com\/embed\/tyZ163by2Aw?enablejsapi=1&#038;autoplay=0&#038;cc_load_policy=0&#038;cc_lang_pref=&#038;iv_load_policy=1&#038;loop=0&#038;rel=1&#038;fs=1&#038;playsinline=0&#038;autohide=2&#038;theme=dark&#038;color=red&#038;controls=1&#038;disablekb=0&#038;\" class=\"__youtube_prefs__  epyt-is-override  no-lazyload\" title=\"YouTube player\"  allow=\"fullscreen; accelerometer; autoplay; clipboard-write; encrypted-media; gyroscope; picture-in-picture; web-share\" referrerpolicy=\"strict-origin-when-cross-origin\" allowfullscreen data-no-lazy=\"1\" data-skipgform_ajax_framebjll=\"\"><\/iframe><\/p>\n<p>&nbsp;<\/p>\n<p>&nbsp;<\/p>\n<p>&nbsp;<\/p>\n","protected":false},"excerpt":{"rendered":"<p>UN PEU D&#8217;HISTOIRE L&#8217;orgue de Barbarie\u00a0est un\u00a0instrument de musique m\u00e9canique\u00a0\u00e0 vent\u00a0class\u00e9 dans les\u00a0orgues. Il fait partie des \u00ab\u00a0automatophones\u00a0\u00bb, terme qui englobe tous les instruments destin\u00e9s \u00e0 produire de la musique<a href=\"https:\/\/claudechevalier.fr\/index.php\/lorgue\/\" class=\"more-link\"><span class=\"readmore\">Continue reading<span class=\"screen-reader-text\">l&#8217;orgue de barbarie<\/span><\/span><\/a><\/p>\n","protected":false},"author":1,"featured_media":0,"parent":0,"menu_order":0,"comment_status":"closed","ping_status":"closed","template":"","meta":[],"_links":{"self":[{"href":"https:\/\/claudechevalier.fr\/index.php\/wp-json\/wp\/v2\/pages\/35"}],"collection":[{"href":"https:\/\/claudechevalier.fr\/index.php\/wp-json\/wp\/v2\/pages"}],"about":[{"href":"https:\/\/claudechevalier.fr\/index.php\/wp-json\/wp\/v2\/types\/page"}],"author":[{"embeddable":true,"href":"https:\/\/claudechevalier.fr\/index.php\/wp-json\/wp\/v2\/users\/1"}],"replies":[{"embeddable":true,"href":"https:\/\/claudechevalier.fr\/index.php\/wp-json\/wp\/v2\/comments?post=35"}],"version-history":[{"count":6,"href":"https:\/\/claudechevalier.fr\/index.php\/wp-json\/wp\/v2\/pages\/35\/revisions"}],"predecessor-version":[{"id":384,"href":"https:\/\/claudechevalier.fr\/index.php\/wp-json\/wp\/v2\/pages\/35\/revisions\/384"}],"wp:attachment":[{"href":"https:\/\/claudechevalier.fr\/index.php\/wp-json\/wp\/v2\/media?parent=35"}],"curies":[{"name":"wp","href":"https:\/\/api.w.org\/{rel}","templated":true}]}}