{"id":245,"date":"2020-04-27T12:05:31","date_gmt":"2020-04-27T10:05:31","guid":{"rendered":"http:\/\/claudechevalier.fr\/?page_id=245"},"modified":"2020-07-27T15:43:56","modified_gmt":"2020-07-27T13:43:56","slug":"vin-dhonneur","status":"publish","type":"page","link":"https:\/\/claudechevalier.fr\/index.php\/vin-dhonneur\/","title":{"rendered":"Vin d&#8217;honneur"},"content":{"rendered":"<h1><strong><span style=\"color: #ff0000;\">Animation \u00e0 l&#8217;orgue de barbarie.\u00a0<\/span><\/strong><\/h1>\n<p><span style=\"font-size: 14pt;\"><strong>La sonorit\u00e9 de l&#8217;orgue de barbarie accompagne parfaitement le vin d&#8217;honneur. \u00a0 \u00a0 \u00a0 \u00a0 \u00a0 \u00a0 \u00a0 \u00a0 \u00a0 \u00a0<\/strong><\/span> Il apporte<span style=\"color: #0000ff;\"><strong> une ambiance conviviale et<\/strong> <strong>originale<\/strong><\/span>. Les invit\u00e9s\u00a0 qui le d\u00e9sirent peuvent <span style=\"color: #0000ff;\"><strong>tourner la manivelle et chanter<\/strong><\/span>, ce qui cr\u00e9e du lien et anime agr\u00e9ablement ce moment. Cette\u00a0 prestation est tout \u00e0 fait adapt\u00e9e \u00e0 l&#8217;<strong><span style=\"color: #0000ff;\">ambiance champ\u00eatre<\/span><\/strong>.<\/p>\n<p><img loading=\"lazy\" class=\"wp-image-260 alignnone alignleft\" src=\"http:\/\/claudechevalier.fr\/wp-content\/uploads\/2020\/04\/P1060911-225x300.jpg\" alt=\"\" width=\"169\" height=\"225\" srcset=\"https:\/\/claudechevalier.fr\/wp-content\/uploads\/2020\/04\/P1060911-225x300.jpg 225w, https:\/\/claudechevalier.fr\/wp-content\/uploads\/2020\/04\/P1060911-768x1024.jpg 768w, https:\/\/claudechevalier.fr\/wp-content\/uploads\/2020\/04\/P1060911-1152x1536.jpg 1152w, https:\/\/claudechevalier.fr\/wp-content\/uploads\/2020\/04\/P1060911-1536x2048.jpg 1536w, https:\/\/claudechevalier.fr\/wp-content\/uploads\/2020\/04\/P1060911-scaled.jpg 1920w\" sizes=\"(max-width: 169px) 100vw, 169px\" \/><img loading=\"lazy\" class=\"alignnone size-medium wp-image-256 alignleft\" src=\"http:\/\/claudechevalier.fr\/wp-content\/uploads\/2020\/04\/MARIAGE-300x225.jpg\" alt=\"\" width=\"300\" height=\"225\" srcset=\"https:\/\/claudechevalier.fr\/wp-content\/uploads\/2020\/04\/MARIAGE-300x225.jpg 300w, https:\/\/claudechevalier.fr\/wp-content\/uploads\/2020\/04\/MARIAGE-1024x768.jpg 1024w, https:\/\/claudechevalier.fr\/wp-content\/uploads\/2020\/04\/MARIAGE-768x576.jpg 768w, https:\/\/claudechevalier.fr\/wp-content\/uploads\/2020\/04\/MARIAGE-1536x1152.jpg 1536w, https:\/\/claudechevalier.fr\/wp-content\/uploads\/2020\/04\/MARIAGE-2048x1536.jpg 2048w, https:\/\/claudechevalier.fr\/wp-content\/uploads\/2020\/04\/MARIAGE-960x720.jpg 960w, https:\/\/claudechevalier.fr\/wp-content\/uploads\/2020\/04\/MARIAGE-640x480.jpg 640w\" sizes=\"(max-width: 300px) 100vw, 300px\" \/><img loading=\"lazy\" class=\"wp-image-257 alignnone alignleft\" src=\"http:\/\/claudechevalier.fr\/wp-content\/uploads\/2020\/04\/P1030493-1-225x300.jpg\" alt=\"\" width=\"169\" height=\"226\" srcset=\"https:\/\/claudechevalier.fr\/wp-content\/uploads\/2020\/04\/P1030493-1-225x300.jpg 225w, https:\/\/claudechevalier.fr\/wp-content\/uploads\/2020\/04\/P1030493-1-768x1024.jpg 768w, https:\/\/claudechevalier.fr\/wp-content\/uploads\/2020\/04\/P1030493-1-1152x1536.jpg 1152w, https:\/\/claudechevalier.fr\/wp-content\/uploads\/2020\/04\/P1030493-1-1536x2048.jpg 1536w, https:\/\/claudechevalier.fr\/wp-content\/uploads\/2020\/04\/P1030493-1-scaled.jpg 1920w\" sizes=\"(max-width: 169px) 100vw, 169px\" \/><\/p>\n<p>&nbsp;<\/p>\n<p>&nbsp;<\/p>\n<p>&nbsp;<\/p>\n<p>&nbsp;<\/p>\n<p>&nbsp;<\/p>\n<p>Voici les extraits des cartons que je poss\u00e8de, chant\u00e9s et musicaux.<\/p>\n<figure class=\"wp-block-embed wp-block-embed-youtube is-type-video is-provider-youtube epyt-figure\"><div class=\"wp-block-embed__wrapper\"><iframe  id=\"_ytid_29281\"  width=\"990\" height=\"557\"  data-origwidth=\"990\" data-origheight=\"557\" src=\"https:\/\/www.youtube.com\/embed\/gQz7Ee40l8o?enablejsapi=1&autoplay=0&cc_load_policy=0&cc_lang_pref=&iv_load_policy=1&loop=0&rel=1&fs=1&playsinline=0&autohide=2&theme=dark&color=red&controls=1&disablekb=0&\" class=\"__youtube_prefs__  no-lazyload\" title=\"YouTube player\"  allow=\"fullscreen; accelerometer; autoplay; clipboard-write; encrypted-media; gyroscope; picture-in-picture; web-share\" referrerpolicy=\"strict-origin-when-cross-origin\" allowfullscreen data-no-lazy=\"1\" data-skipgform_ajax_framebjll=\"\"><\/iframe><\/div><\/figure>\n<p>&nbsp;<\/p>\n<figure class=\"wp-block-embed wp-block-embed-youtube is-type-video is-provider-youtube epyt-figure\"><div class=\"wp-block-embed__wrapper\"><iframe  id=\"_ytid_15585\"  width=\"990\" height=\"557\"  data-origwidth=\"990\" data-origheight=\"557\" src=\"https:\/\/www.youtube.com\/embed\/3NpL1Jg1_GU?enablejsapi=1&autoplay=0&cc_load_policy=0&cc_lang_pref=&iv_load_policy=1&loop=0&rel=1&fs=1&playsinline=0&autohide=2&theme=dark&color=red&controls=1&disablekb=0&\" class=\"__youtube_prefs__  no-lazyload\" title=\"YouTube player\"  allow=\"fullscreen; accelerometer; autoplay; clipboard-write; encrypted-media; gyroscope; picture-in-picture; web-share\" referrerpolicy=\"strict-origin-when-cross-origin\" allowfullscreen data-no-lazy=\"1\" data-skipgform_ajax_framebjll=\"\"><\/iframe><\/div><\/figure>\n<p>&nbsp;<\/p>\n<h1><strong><span style=\"color: #ff0000;\">Animation \u00e0 l&#8217;accord\u00e9on.<\/span><\/strong><\/h1>\n<p><span style=\"font-size: 14pt;\"><strong>L&#8217;accord\u00e9on cr\u00e9e \u00e9galement une ambiance agr\u00e9able et festive.<\/strong><\/span> \u00a0 \u00a0 \u00a0 \u00a0 \u00a0 \u00a0 \u00a0 \u00a0 \u00a0 \u00a0 \u00a0 \u00a0 \u00a0 \u00a0 \u00a0 \u00a0 \u00a0 \u00a0 \u00a0 \u00a0 \u00a0 \u00a0 \u00a0 \u00a0 \u00a0 \u00a0 \u00a0 \u00a0 \u00a0 Je peux jouer \u00e0 un endroit fixe ou en d\u00e9ambulant, sonoris\u00e9e ou non. Mon programme se compose de <strong><span style=\"color: #0000ff;\">vari\u00e9t\u00e9 fran\u00e7aise<\/span><\/strong>, de <span style=\"color: #0000ff;\"><strong>morceaux du\u00a0 r\u00e9pertoire musette<\/strong><\/span>&#8230;. Vous pouvez me demander d&#8217;interpr\u00e9ter des airs que vous souhaitez, ou d\u00e9dicacer un titre \u00e0 un convive.<\/p>\n<h1><span style=\"color: #ff0000;\"><strong>Duo &#8220;sur les quais&#8221;.<\/strong><\/span><\/h1>\n<p>Duo Accord\u00e9on \/ Guitare + \u00e0 la demande, orgue de barbarie.<img loading=\"lazy\" class=\"wp-image-310 alignleft\" src=\"http:\/\/claudechevalier.fr\/wp-content\/uploads\/2020\/05\/photo-1-225x300.jpg\" alt=\"\" width=\"123\" height=\"164\" srcset=\"https:\/\/claudechevalier.fr\/wp-content\/uploads\/2020\/05\/photo-1-225x300.jpg 225w, https:\/\/claudechevalier.fr\/wp-content\/uploads\/2020\/05\/photo-1-767x1024.jpg 767w, https:\/\/claudechevalier.fr\/wp-content\/uploads\/2020\/05\/photo-1-768x1026.jpg 768w, https:\/\/claudechevalier.fr\/wp-content\/uploads\/2020\/05\/photo-1-1150x1536.jpg 1150w, https:\/\/claudechevalier.fr\/wp-content\/uploads\/2020\/05\/photo-1-1533x2048.jpg 1533w, https:\/\/claudechevalier.fr\/wp-content\/uploads\/2020\/05\/photo-1-scaled.jpg 1916w\" sizes=\"(max-width: 123px) 100vw, 123px\" \/><\/p>\n<p>Cf. rubrique &#8220;spectacles&#8221;, &#8220;sur les quais&#8221; de ce site.<\/p>\n<p>&nbsp;<\/p>\n","protected":false},"excerpt":{"rendered":"<p>Animation \u00e0 l&#8217;orgue de barbarie.\u00a0 La sonorit\u00e9 de l&#8217;orgue de barbarie accompagne parfaitement le vin d&#8217;honneur. \u00a0 \u00a0 \u00a0 \u00a0 \u00a0 \u00a0 \u00a0 \u00a0 \u00a0 \u00a0 Il apporte une ambiance<a href=\"https:\/\/claudechevalier.fr\/index.php\/vin-dhonneur\/\" class=\"more-link\"><span class=\"readmore\">Continue reading<span class=\"screen-reader-text\">Vin d&#8217;honneur<\/span><\/span><\/a><\/p>\n","protected":false},"author":1,"featured_media":0,"parent":0,"menu_order":0,"comment_status":"closed","ping_status":"closed","template":"","meta":[],"_links":{"self":[{"href":"https:\/\/claudechevalier.fr\/index.php\/wp-json\/wp\/v2\/pages\/245"}],"collection":[{"href":"https:\/\/claudechevalier.fr\/index.php\/wp-json\/wp\/v2\/pages"}],"about":[{"href":"https:\/\/claudechevalier.fr\/index.php\/wp-json\/wp\/v2\/types\/page"}],"author":[{"embeddable":true,"href":"https:\/\/claudechevalier.fr\/index.php\/wp-json\/wp\/v2\/users\/1"}],"replies":[{"embeddable":true,"href":"https:\/\/claudechevalier.fr\/index.php\/wp-json\/wp\/v2\/comments?post=245"}],"version-history":[{"count":14,"href":"https:\/\/claudechevalier.fr\/index.php\/wp-json\/wp\/v2\/pages\/245\/revisions"}],"predecessor-version":[{"id":317,"href":"https:\/\/claudechevalier.fr\/index.php\/wp-json\/wp\/v2\/pages\/245\/revisions\/317"}],"wp:attachment":[{"href":"https:\/\/claudechevalier.fr\/index.php\/wp-json\/wp\/v2\/media?parent=245"}],"curies":[{"name":"wp","href":"https:\/\/api.w.org\/{rel}","templated":true}]}}