{"id":181,"date":"2020-03-28T14:17:45","date_gmt":"2020-03-28T13:17:45","guid":{"rendered":"http:\/\/claudechevalier.fr\/?page_id=181"},"modified":"2020-05-24T18:58:34","modified_gmt":"2020-05-24T16:58:34","slug":"animation-aupres-des-aines","status":"publish","type":"page","link":"https:\/\/claudechevalier.fr\/index.php\/animation-aupres-des-aines\/","title":{"rendered":"Animation aupr\u00e8s des a\u00een\u00e9s."},"content":{"rendered":"<h1><span style=\"text-decoration: underline; color: #ff0000;\"><strong><span style=\"font-size: 14pt;\">PRESENTATION .<\/span><\/strong><\/span><\/h1>\n<p><strong><span style=\"color: #993366;\">Les S\u00e9niors sont particuli\u00e8rement sensibles et r\u00e9ceptifs \u00e0 la musique.<\/span><\/strong> Cette derni\u00e8re\u00a0 leur permet d&#8217;<strong>\u00e9voquer des<\/strong> <strong>souvenirs<\/strong> , de <strong>ressentir\u00a0 des \u00e9motions<\/strong>, de <strong>cultiver leur optimisme<\/strong>, de <strong>stimuler la concentration, travailler\u00a0la m\u00e9moire<\/strong> et surtout d&#8217;<strong>\u00e9prouver du bien \u00eatre<\/strong>.<\/p>\n<p>L&#8217; <span style=\"font-size: 14pt;\"><strong>accord\u00e9on<\/strong><\/span> et l&#8217;<span style=\"font-size: 14pt;\"><strong>orgue de barbarie<\/strong><\/span> sont des instruments tr\u00e8s \u00e9vocateurs, leur rappelant le temps des bals et des guinguettes, des f\u00eates de village , des repas de famille &#8230;..<\/p>\n<p>Je mets un point d&#8217;honneur \u00e0 <strong>faire participer activement les personnes<\/strong> en les faisant \u2666<span style=\"color: #008000;\"><strong>chanter<\/strong><\/span>\u00a0 \u2666d<span style=\"color: #008000;\"><strong>anser<\/strong><\/span> \u2666t<span style=\"color: #008000;\"><strong>aper dans les mains<\/strong><\/span>\u00a0 \u2666<span style=\"color: #008000;\"><strong>Manipuler de petites percussions pour m&#8217;accompagner<\/strong><\/span>\u00a0 \u00a0\u2666<span style=\"color: #008000;\"><strong>tourner la manivelle de<\/strong> <strong>l&#8217;orgue<\/strong> <strong>de barbarie<\/strong><\/span>, etc&#8230;.<\/p>\n<h1><span style=\"color: #ff0000;\"><strong><span style=\"text-decoration: underline;\"><span style=\"font-size: 14pt;\">MES INTERVENTIONS.<\/span><\/span><\/strong><\/span><\/h1>\n<h2><span style=\"text-decoration: underline; color: #0000ff;\"><strong><span style=\"font-size: 14pt;\">EN EHPAD.<\/span><\/strong><\/span><\/h2>\n<p><span style=\"text-decoration: underline;\">Il m&#8217;est possible d&#8217;intervenir<\/span> : \u2666<span style=\"color: #008000;\"><strong>autour d&#8217;un th\u00e8me pr\u00e9cis<\/strong><\/span> (les saisons, Paris, la mer etc&#8230;)\u00a0 \u2666<span style=\"color: #008000;\"><strong>Lors d&#8217;une\u00a0 f\u00eate<\/strong><\/span> (Carnaval, No\u00ebl, Nouvelle ann\u00e9e&#8230;)\u00a0 \u2666<span style=\"color: #008000;\"><strong>Pour un \u00e9v\u00e8nement<\/strong><\/span> (anniversaires, semaine bleue, repas festif, barbecue, inauguration&#8230;) \u2666<span style=\"color: #008000;\"><strong>En mettant en place un atelier orient\u00e9 sur les jeux de m\u00e9moire et de rapidit\u00e9<\/strong><\/span>, avec des groupes restreints pour faciliter la participation de chacun.\u00a0 \u00a0\u2666<span style=\"color: #008000;\"><strong>En intervenant dans les chambres<\/strong><\/span>.<\/p>\n<h2><span style=\"text-decoration: underline; color: #0000ff;\"><strong><span style=\"font-size: 14pt;\">AU DOMICILE DES PERSONNES.<\/span><\/strong><\/span><\/h2>\n<p>Cette action a \u00e9t\u00e9 mise en place par le <span style=\"font-size: 14pt;\"><strong>CCAS de Sin Le Noble<\/strong><\/span>. J&#8217;interviens alors 20 minutes<span style=\"color: #008000;\"><strong> aupr\u00e8s <\/strong><strong>des\u00a0<\/strong><\/span><strong style=\"font-size: 1rem; color: #008000;\">personnes isol\u00e9es<\/strong><span style=\"font-size: 1rem;\">, leur redonnant ainsi du lien social, leur assurant une pr\u00e9sence empreinte de bonne humeur.\u00a0<\/span><\/p>\n<p>&nbsp;<\/p>\n<h1><\/h1>\n<p>&nbsp;<\/p>\n<p>&nbsp;<\/p>\n","protected":false},"excerpt":{"rendered":"<p>PRESENTATION . Les S\u00e9niors sont particuli\u00e8rement sensibles et r\u00e9ceptifs \u00e0 la musique. Cette derni\u00e8re\u00a0 leur permet d&#8217;\u00e9voquer des souvenirs , de ressentir\u00a0 des \u00e9motions, de cultiver leur optimisme, de stimuler<a href=\"https:\/\/claudechevalier.fr\/index.php\/animation-aupres-des-aines\/\" class=\"more-link\"><span class=\"readmore\">Continue reading<span class=\"screen-reader-text\">Animation aupr\u00e8s des a\u00een\u00e9s.<\/span><\/span><\/a><\/p>\n","protected":false},"author":1,"featured_media":0,"parent":0,"menu_order":0,"comment_status":"closed","ping_status":"closed","template":"","meta":[],"_links":{"self":[{"href":"https:\/\/claudechevalier.fr\/index.php\/wp-json\/wp\/v2\/pages\/181"}],"collection":[{"href":"https:\/\/claudechevalier.fr\/index.php\/wp-json\/wp\/v2\/pages"}],"about":[{"href":"https:\/\/claudechevalier.fr\/index.php\/wp-json\/wp\/v2\/types\/page"}],"author":[{"embeddable":true,"href":"https:\/\/claudechevalier.fr\/index.php\/wp-json\/wp\/v2\/users\/1"}],"replies":[{"embeddable":true,"href":"https:\/\/claudechevalier.fr\/index.php\/wp-json\/wp\/v2\/comments?post=181"}],"version-history":[{"count":3,"href":"https:\/\/claudechevalier.fr\/index.php\/wp-json\/wp\/v2\/pages\/181\/revisions"}],"predecessor-version":[{"id":345,"href":"https:\/\/claudechevalier.fr\/index.php\/wp-json\/wp\/v2\/pages\/181\/revisions\/345"}],"wp:attachment":[{"href":"https:\/\/claudechevalier.fr\/index.php\/wp-json\/wp\/v2\/media?parent=181"}],"curies":[{"name":"wp","href":"https:\/\/api.w.org\/{rel}","templated":true}]}}