{"id":172,"date":"2020-03-28T14:16:33","date_gmt":"2020-03-28T13:16:33","guid":{"rendered":"http:\/\/claudechevalier.fr\/?page_id=172"},"modified":"2020-05-14T15:40:11","modified_gmt":"2020-05-14T13:40:11","slug":"fetes-communales-manifestations-a-theme","status":"publish","type":"page","link":"https:\/\/claudechevalier.fr\/index.php\/fetes-communales-manifestations-a-theme\/","title":{"rendered":"F\u00eates communales, manifestations \u00e0 th\u00e8me."},"content":{"rendered":"<p>Je peux intervenir \u00e0 l&#8217;<strong><span style=\"color: #ff0000;\">accord\u00e9on<\/span><\/strong> et\/ou \u00e0 l&#8217;<span style=\"color: #ff0000;\"><strong>orgue de barbarie<\/strong><\/span> lors d&#8217;une f\u00eate communale ou d&#8217;une manifestation \u00e0 th\u00eame, en fixe ou en d\u00e9ambulation.<\/p>\n<h1><strong><span style=\"font-size: 12pt;\">Vin d&#8217;honneur des Elus de la r\u00e9gion d&#8217;Arras, lors de la &#8220;f\u00eate de l&#8217;andouillette&#8221; en Ao\u00fbt.\u00a0<\/span><\/strong><\/h1>\n<p>Animation \u00e0 l&#8217;accueil des convives et durant la r\u00e9ception. \u00a0 \u00a0 \u00a0 \u00a0 \u00a0 \u00a0 \u00a0 \u00a0 \u00a0 \u00a0\u00a0 <img loading=\"lazy\" class=\"alignnone wp-image-300\" src=\"http:\/\/claudechevalier.fr\/wp-content\/uploads\/2020\/05\/DSC_0036-300x169.jpg\" alt=\"\" width=\"263\" height=\"148\" srcset=\"https:\/\/claudechevalier.fr\/wp-content\/uploads\/2020\/05\/DSC_0036-300x169.jpg 300w, https:\/\/claudechevalier.fr\/wp-content\/uploads\/2020\/05\/DSC_0036-1024x576.jpg 1024w, https:\/\/claudechevalier.fr\/wp-content\/uploads\/2020\/05\/DSC_0036-768x432.jpg 768w, https:\/\/claudechevalier.fr\/wp-content\/uploads\/2020\/05\/DSC_0036-1536x864.jpg 1536w, https:\/\/claudechevalier.fr\/wp-content\/uploads\/2020\/05\/DSC_0036-2048x1152.jpg 2048w, https:\/\/claudechevalier.fr\/wp-content\/uploads\/2020\/05\/DSC_0036-990x556.jpg 990w, https:\/\/claudechevalier.fr\/wp-content\/uploads\/2020\/05\/DSC_0036-1920x1080.jpg 1920w\" sizes=\"(max-width: 263px) 100vw, 263px\" \/><\/p>\n<p><img loading=\"lazy\" class=\"alignnone wp-image-299\" src=\"http:\/\/claudechevalier.fr\/wp-content\/uploads\/2020\/05\/DSC_0661-169x300.jpg\" alt=\"\" width=\"163\" height=\"289\" srcset=\"https:\/\/claudechevalier.fr\/wp-content\/uploads\/2020\/05\/DSC_0661-169x300.jpg 169w, https:\/\/claudechevalier.fr\/wp-content\/uploads\/2020\/05\/DSC_0661-576x1024.jpg 576w, https:\/\/claudechevalier.fr\/wp-content\/uploads\/2020\/05\/DSC_0661-768x1365.jpg 768w, https:\/\/claudechevalier.fr\/wp-content\/uploads\/2020\/05\/DSC_0661-864x1536.jpg 864w, https:\/\/claudechevalier.fr\/wp-content\/uploads\/2020\/05\/DSC_0661-1152x2048.jpg 1152w, https:\/\/claudechevalier.fr\/wp-content\/uploads\/2020\/05\/DSC_0661-scaled.jpg 1440w\" sizes=\"(max-width: 163px) 100vw, 163px\" \/><img loading=\"lazy\" class=\"alignnone wp-image-298\" src=\"http:\/\/claudechevalier.fr\/wp-content\/uploads\/2020\/05\/20180826_193740-183x300.jpg\" alt=\"\" width=\"176\" height=\"288\" srcset=\"https:\/\/claudechevalier.fr\/wp-content\/uploads\/2020\/05\/20180826_193740-183x300.jpg 183w, https:\/\/claudechevalier.fr\/wp-content\/uploads\/2020\/05\/20180826_193740-624x1024.jpg 624w, https:\/\/claudechevalier.fr\/wp-content\/uploads\/2020\/05\/20180826_193740-768x1260.jpg 768w, https:\/\/claudechevalier.fr\/wp-content\/uploads\/2020\/05\/20180826_193740-936x1536.jpg 936w, https:\/\/claudechevalier.fr\/wp-content\/uploads\/2020\/05\/20180826_193740-1248x2048.jpg 1248w, https:\/\/claudechevalier.fr\/wp-content\/uploads\/2020\/05\/20180826_193740-scaled.jpg 1560w\" sizes=\"(max-width: 176px) 100vw, 176px\" \/><img loading=\"lazy\" class=\"alignnone wp-image-297\" src=\"http:\/\/claudechevalier.fr\/wp-content\/uploads\/2020\/05\/20180826_113750-169x300.jpg\" alt=\"\" width=\"162\" height=\"288\" srcset=\"https:\/\/claudechevalier.fr\/wp-content\/uploads\/2020\/05\/20180826_113750-169x300.jpg 169w, https:\/\/claudechevalier.fr\/wp-content\/uploads\/2020\/05\/20180826_113750-576x1024.jpg 576w, https:\/\/claudechevalier.fr\/wp-content\/uploads\/2020\/05\/20180826_113750.jpg 720w\" sizes=\"(max-width: 162px) 100vw, 162px\" \/><\/p>\n<h1><strong><span style=\"font-size: 14pt;\">La balade des planches \u00e0 Cayeux sur Mer<\/span><\/strong><\/h1>\n<p><img loading=\"lazy\" class=\"alignnone wp-image-321\" src=\"http:\/\/claudechevalier.fr\/wp-content\/uploads\/2020\/05\/P1060816-300x225.jpg\" alt=\"\" width=\"188\" height=\"141\" srcset=\"https:\/\/claudechevalier.fr\/wp-content\/uploads\/2020\/05\/P1060816-300x225.jpg 300w, https:\/\/claudechevalier.fr\/wp-content\/uploads\/2020\/05\/P1060816-1024x768.jpg 1024w, https:\/\/claudechevalier.fr\/wp-content\/uploads\/2020\/05\/P1060816-768x576.jpg 768w, https:\/\/claudechevalier.fr\/wp-content\/uploads\/2020\/05\/P1060816-1536x1152.jpg 1536w, https:\/\/claudechevalier.fr\/wp-content\/uploads\/2020\/05\/P1060816-2048x1536.jpg 2048w, https:\/\/claudechevalier.fr\/wp-content\/uploads\/2020\/05\/P1060816-960x720.jpg 960w, https:\/\/claudechevalier.fr\/wp-content\/uploads\/2020\/05\/P1060816-640x480.jpg 640w\" sizes=\"(max-width: 188px) 100vw, 188px\" \/><img loading=\"lazy\" class=\"alignnone wp-image-322\" src=\"http:\/\/claudechevalier.fr\/wp-content\/uploads\/2020\/05\/P1060706-300x225.jpg\" alt=\"\" width=\"195\" height=\"146\" srcset=\"https:\/\/claudechevalier.fr\/wp-content\/uploads\/2020\/05\/P1060706-300x225.jpg 300w, https:\/\/claudechevalier.fr\/wp-content\/uploads\/2020\/05\/P1060706-1024x768.jpg 1024w, https:\/\/claudechevalier.fr\/wp-content\/uploads\/2020\/05\/P1060706-768x576.jpg 768w, https:\/\/claudechevalier.fr\/wp-content\/uploads\/2020\/05\/P1060706-1536x1152.jpg 1536w, https:\/\/claudechevalier.fr\/wp-content\/uploads\/2020\/05\/P1060706-2048x1536.jpg 2048w, https:\/\/claudechevalier.fr\/wp-content\/uploads\/2020\/05\/P1060706-960x720.jpg 960w, https:\/\/claudechevalier.fr\/wp-content\/uploads\/2020\/05\/P1060706-640x480.jpg 640w\" sizes=\"(max-width: 195px) 100vw, 195px\" \/><img loading=\"lazy\" class=\"alignnone wp-image-320\" src=\"http:\/\/claudechevalier.fr\/wp-content\/uploads\/2020\/05\/P1060809-300x225.jpg\" alt=\"\" width=\"194\" height=\"146\" srcset=\"https:\/\/claudechevalier.fr\/wp-content\/uploads\/2020\/05\/P1060809-300x225.jpg 300w, https:\/\/claudechevalier.fr\/wp-content\/uploads\/2020\/05\/P1060809-1024x768.jpg 1024w, https:\/\/claudechevalier.fr\/wp-content\/uploads\/2020\/05\/P1060809-768x576.jpg 768w, https:\/\/claudechevalier.fr\/wp-content\/uploads\/2020\/05\/P1060809-1536x1152.jpg 1536w, https:\/\/claudechevalier.fr\/wp-content\/uploads\/2020\/05\/P1060809-2048x1536.jpg 2048w, https:\/\/claudechevalier.fr\/wp-content\/uploads\/2020\/05\/P1060809-960x720.jpg 960w, https:\/\/claudechevalier.fr\/wp-content\/uploads\/2020\/05\/P1060809-640x480.jpg 640w\" sizes=\"(max-width: 194px) 100vw, 194px\" \/><img loading=\"lazy\" class=\"alignnone wp-image-323\" src=\"http:\/\/claudechevalier.fr\/wp-content\/uploads\/2020\/05\/P1060714-300x225.jpg\" alt=\"\" width=\"192\" height=\"144\" srcset=\"https:\/\/claudechevalier.fr\/wp-content\/uploads\/2020\/05\/P1060714-300x225.jpg 300w, https:\/\/claudechevalier.fr\/wp-content\/uploads\/2020\/05\/P1060714-1024x768.jpg 1024w, https:\/\/claudechevalier.fr\/wp-content\/uploads\/2020\/05\/P1060714-768x576.jpg 768w, https:\/\/claudechevalier.fr\/wp-content\/uploads\/2020\/05\/P1060714-1536x1152.jpg 1536w, https:\/\/claudechevalier.fr\/wp-content\/uploads\/2020\/05\/P1060714-2048x1536.jpg 2048w, https:\/\/claudechevalier.fr\/wp-content\/uploads\/2020\/05\/P1060714-960x720.jpg 960w, https:\/\/claudechevalier.fr\/wp-content\/uploads\/2020\/05\/P1060714-640x480.jpg 640w\" sizes=\"(max-width: 192px) 100vw, 192px\" \/><\/p>\n<h1><strong><span style=\"font-size: 14pt;\">&#8220;F\u00eate du Printemps&#8221; \u00e0 La Sentinelle.<\/span><\/strong><\/h1>\n<p><img loading=\"lazy\" class=\"alignnone  wp-image-325\" src=\"http:\/\/claudechevalier.fr\/wp-content\/uploads\/2020\/05\/P1030049-225x300.jpg\" alt=\"\" width=\"124\" height=\"165\" srcset=\"https:\/\/claudechevalier.fr\/wp-content\/uploads\/2020\/05\/P1030049-225x300.jpg 225w, https:\/\/claudechevalier.fr\/wp-content\/uploads\/2020\/05\/P1030049-768x1024.jpg 768w, https:\/\/claudechevalier.fr\/wp-content\/uploads\/2020\/05\/P1030049-1152x1536.jpg 1152w, https:\/\/claudechevalier.fr\/wp-content\/uploads\/2020\/05\/P1030049-1536x2048.jpg 1536w, https:\/\/claudechevalier.fr\/wp-content\/uploads\/2020\/05\/P1030049-scaled.jpg 1920w\" sizes=\"(max-width: 124px) 100vw, 124px\" \/><img loading=\"lazy\" class=\"alignnone  wp-image-326\" src=\"http:\/\/claudechevalier.fr\/wp-content\/uploads\/2020\/05\/P1030064-300x225.jpg\" alt=\"\" width=\"220\" height=\"165\" srcset=\"https:\/\/claudechevalier.fr\/wp-content\/uploads\/2020\/05\/P1030064-300x225.jpg 300w, https:\/\/claudechevalier.fr\/wp-content\/uploads\/2020\/05\/P1030064-1024x768.jpg 1024w, https:\/\/claudechevalier.fr\/wp-content\/uploads\/2020\/05\/P1030064-768x576.jpg 768w, https:\/\/claudechevalier.fr\/wp-content\/uploads\/2020\/05\/P1030064-1536x1152.jpg 1536w, https:\/\/claudechevalier.fr\/wp-content\/uploads\/2020\/05\/P1030064-2048x1536.jpg 2048w, https:\/\/claudechevalier.fr\/wp-content\/uploads\/2020\/05\/P1030064-960x720.jpg 960w, https:\/\/claudechevalier.fr\/wp-content\/uploads\/2020\/05\/P1030064-640x480.jpg 640w\" sizes=\"(max-width: 220px) 100vw, 220px\" \/><img loading=\"lazy\" class=\"alignnone  wp-image-324\" src=\"http:\/\/claudechevalier.fr\/wp-content\/uploads\/2020\/05\/P1030048-2-300x225.jpg\" alt=\"\" width=\"221\" height=\"166\" srcset=\"https:\/\/claudechevalier.fr\/wp-content\/uploads\/2020\/05\/P1030048-2-300x225.jpg 300w, https:\/\/claudechevalier.fr\/wp-content\/uploads\/2020\/05\/P1030048-2-1024x768.jpg 1024w, https:\/\/claudechevalier.fr\/wp-content\/uploads\/2020\/05\/P1030048-2-768x576.jpg 768w, https:\/\/claudechevalier.fr\/wp-content\/uploads\/2020\/05\/P1030048-2-1536x1152.jpg 1536w, https:\/\/claudechevalier.fr\/wp-content\/uploads\/2020\/05\/P1030048-2-2048x1536.jpg 2048w, https:\/\/claudechevalier.fr\/wp-content\/uploads\/2020\/05\/P1030048-2-960x720.jpg 960w, https:\/\/claudechevalier.fr\/wp-content\/uploads\/2020\/05\/P1030048-2-640x480.jpg 640w\" sizes=\"(max-width: 221px) 100vw, 221px\" \/><\/p>\n<h1><strong><span style=\"font-size: 14pt;\">Apr\u00e8s-midi des &#8220;Peintres dans la rue&#8221; \u00e0 Le Cateau en Cambr\u00e9sis.<\/span><\/strong><\/h1>\n<h1><strong><span style=\"font-size: 14pt;\">D\u00e9ambulation du man\u00e8ge d&#8217;auto-tamponneuses vers la statut d&#8217;Esm\u00e9ralda, \u00e0 l&#8217;issue de la messe des Forains , f\u00eates de Gayant \u00e0 Douai.<\/span><\/strong><\/h1>\n<h1><strong><span style=\"font-size: 14pt;\">Comm\u00e9moration du 11 Novembre \u00e0 Noisy Le Grand.<\/span><\/strong><\/h1>\n<h1><strong><span style=\"font-size: 14pt;\">&#8220;Sailly en f\u00eate&#8221; \u00e0 Sailly Lez Lannoy.<\/span><\/strong><\/h1>\n<p>Accord\u00e9on entre les midis \u00e0 l&#8217;espace restauration puis d\u00e9ambulation \u00e0 l&#8217;orgue de barbarie dans l&#8217;apr\u00e8s midi.<\/p>\n<p>&nbsp;<\/p>\n","protected":false},"excerpt":{"rendered":"<p>Je peux intervenir \u00e0 l&#8217;accord\u00e9on et\/ou \u00e0 l&#8217;orgue de barbarie lors d&#8217;une f\u00eate communale ou d&#8217;une manifestation \u00e0 th\u00eame, en fixe ou en d\u00e9ambulation. Vin d&#8217;honneur des Elus de la<a href=\"https:\/\/claudechevalier.fr\/index.php\/fetes-communales-manifestations-a-theme\/\" class=\"more-link\"><span class=\"readmore\">Continue reading<span class=\"screen-reader-text\">F\u00eates communales, manifestations \u00e0 th\u00e8me.<\/span><\/span><\/a><\/p>\n","protected":false},"author":1,"featured_media":0,"parent":0,"menu_order":0,"comment_status":"closed","ping_status":"closed","template":"","meta":[],"_links":{"self":[{"href":"https:\/\/claudechevalier.fr\/index.php\/wp-json\/wp\/v2\/pages\/172"}],"collection":[{"href":"https:\/\/claudechevalier.fr\/index.php\/wp-json\/wp\/v2\/pages"}],"about":[{"href":"https:\/\/claudechevalier.fr\/index.php\/wp-json\/wp\/v2\/types\/page"}],"author":[{"embeddable":true,"href":"https:\/\/claudechevalier.fr\/index.php\/wp-json\/wp\/v2\/users\/1"}],"replies":[{"embeddable":true,"href":"https:\/\/claudechevalier.fr\/index.php\/wp-json\/wp\/v2\/comments?post=172"}],"version-history":[{"count":11,"href":"https:\/\/claudechevalier.fr\/index.php\/wp-json\/wp\/v2\/pages\/172\/revisions"}],"predecessor-version":[{"id":328,"href":"https:\/\/claudechevalier.fr\/index.php\/wp-json\/wp\/v2\/pages\/172\/revisions\/328"}],"wp:attachment":[{"href":"https:\/\/claudechevalier.fr\/index.php\/wp-json\/wp\/v2\/media?parent=172"}],"curies":[{"name":"wp","href":"https:\/\/api.w.org\/{rel}","templated":true}]}}